{"id":25,"date":"2017-05-17T20:05:52","date_gmt":"2017-05-17T17:05:52","guid":{"rendered":"http:\/\/demo2.kuzu-grup.com\/?page_id=25"},"modified":"2025-02-13T11:47:53","modified_gmt":"2025-02-13T08:47:53","slug":"bize-ulasin","status":"publish","type":"page","link":"https:\/\/www.salinox.com.tr\/?page_id=25","title":{"rendered":"B\u0130ZE ULA\u015eIN"},"content":{"rendered":"<p>[vc_section full_width=&#8221;stretch_row&#8221;][vc_row content_placement=&#8221;top&#8221;][vc_column text_align=&#8221;center-sm-ms&#8221; offset=&#8221;vc_col-lg-4 vc_col-md-6&#8243;]<div class=\"ltx-content-width col-align-left\" id=\"like_sc_content_width_579877127\" style=\"max-width: 370px\"><div class=\"ltx-wrapper\"><div class=\"heading  header-subheader align-left color-black transform-default theme-icon-second icon-type-hidden   vc_custom_1737113380223 heading-tag-h3\" id=\"like_sc_header_12355220\"><h3 class=\"header ltx-sr-id-like_sc_header_12355220593414053 ltx-sr ltx-sr-effect-fade_in ltx-sr-el-block ltx-sr-delay-0 ltx-sr-duration-1000 ltx-sr-sequences-0\">SAL\u0130NOX \u00c7EL\u0130K KAPI<\/h3><\/div>[vc_column_text][\/vc_column_text]<div class=\"align-default \"><ul class=\"social-icons-list   vc_custom_1739434678378 bg-main  icon-weight-bold\" id=\"like_sc_header_1778848573\"><li class=\" \"><span class=\"fas fa-phone-alt\"><\/span><span class=\"head\">+90 352 502 2210<\/span><\/li><li class=\" \"><a href=\"#\"><span class=\"fas fa-mail-bulk\"><\/span><span class=\"head\">info@salinox.com.tr<\/span><\/a><\/li><li class=\" \"><span class=\"fas fa-map-marked-alt\"><\/span><span class=\"head\">KARPUZSEK\u0130S\u0130 MAHALLES\u0130 6055. SOKAK NO: 1 HACILAR\/ KAYSER\u0130<\/span><\/li><\/ul><\/div><div class=\"align-default \"><ul class=\"social-big icon-weight-bold\" id=\"like_sc_header_233736610\"><li><a href=\"#\" class=\"ltx-social-color fa fa-facebook\"><\/a><\/li><li><a href=\"#\" class=\"ltx-social-color fa fa-twitter\"><\/a><\/li><li><a href=\"#\" class=\"ltx-social-color fa fa-youtube\"><\/a><\/li><li><a href=\"#\" class=\"ltx-social-color fa fa-instagram\"><\/a><\/li><\/ul><\/div><\/div><\/div>[\/vc_column][vc_column text_align=&#8221;center-sm-ms&#8221; offset=&#8221;vc_col-lg-3 vc_col-md-6&#8243;]<div class=\"es-resp\">\t<div class=\"visible-xl\" style=\"height: 0px;\"><\/div>\t<div class=\"hidden-xl hidden-md hidden-sm hidden-ms hidden-xs\" style=\"height: 0px;\"><\/div>\t<div class=\"visible-md\" style=\"height: 0px;\"><\/div>\t<div class=\"visible-sm \" style=\"height: 48px;\"><\/div>\t<div class=\"visible-ms\" style=\"height: 48px;\"><\/div>\t<div class=\"visible-xs\" style=\"height: 48px;\"><\/div><\/div><div class=\"heading  header-subheader align-left color-black subcolor-main transform-default theme-icon-second icon-type-hidden   vc_custom_1648275975632 heading-tag-h3\" id=\"like_sc_header_245369884\"><h3 class=\"header ltx-sr-id-like_sc_header_245369884239771722 ltx-sr ltx-sr-effect-fade_in ltx-sr-el-block ltx-sr-delay-0 ltx-sr-duration-1000 ltx-sr-sequences-0\">\u00c7ALI\u015eMA SAATLER\u0130M\u0130Z<\/h3><\/div>[vc_column_text]<\/p>\n<ul class=\"ltx-hours\">\n<li><strong>PAZARTES\u0130:<\/strong> <strong>8:00 &#8211; 18:00<\/strong><\/li>\n<li><strong>SALI:<\/strong> <strong>8:00 &#8211; 18:00<\/strong><\/li>\n<li><strong>\u00c7AR\u015eAMBA:<\/strong> <strong>8:00 &#8211; 18:00<\/strong><\/li>\n<li><strong>PER\u015eEMBE:<\/strong> <strong>8:00 &#8211; 18:00<\/strong><\/li>\n<li><strong>CUMA:<\/strong> <strong>8:00 &#8211; 18:00<\/strong><\/li>\n<li><strong>CUMARTES\u0130:<\/strong> <strong>KAPALI<\/strong><\/li>\n<li><strong>PAZAR:<\/strong> <strong>KAPALI<\/strong><\/li>\n<\/ul>\n<p>[\/vc_column_text]<div class=\"es-resp\">\t<div class=\"hidden-xl hidden-md hidden-sm hidden-ms hidden-xs\" style=\"height: 28px;\"><\/div>\t<div class=\"visible-md\" style=\"height: 28px;\"><\/div>\t<div class=\"visible-sm \" style=\"height: 28px;\"><\/div>\t<div class=\"visible-ms\" style=\"height: 28px;\"><\/div>\t<div class=\"visible-xs\" style=\"height: 28px;\"><\/div><\/div>[\/vc_column][vc_column width=&#8221;1\/12&#8243; offset=&#8221;vc_col-lg-1 vc_col-md-12 vc_hidden-md vc_hidden-sm vc_hidden-xs&#8221;][\/vc_column][vc_column width=&#8221;1\/3&#8243; css=&#8221;.vc_custom_1549398563071{margin-top: 0px !important;padding-top: 0px !important;background-position: center !important;background-repeat: no-repeat !important;background-size: cover !important;}&#8221; offset=&#8221;vc_col-lg-4 vc_col-md-6 vc_hidden-md vc_hidden-sm vc_hidden-xs&#8221;][vc_single_image image=&#8221;9755&#8243; img_size=&#8221;full&#8221; alignment=&#8221;center&#8221; style=&#8221;vc_box_rounded&#8221; css=&#8221;.vc_custom_1648462232015{margin-top: 16px !important;margin-bottom: 0px !important;padding-bottom: 0px !important;}&#8221;][\/vc_column][\/vc_row][vc_row][vc_column]<div class=\"es-resp\">\t<div class=\"visible-xl\" style=\"height: 80px;\"><\/div>\t<div class=\"hidden-xl hidden-md hidden-sm hidden-ms hidden-xs\" style=\"height: 80px;\"><\/div>\t<div class=\"visible-md\" style=\"height: 80px;\"><\/div>\t<div class=\"visible-sm \" style=\"height: 80px;\"><\/div>\t<div class=\"visible-ms\" style=\"height: 80px;\"><\/div>\t<div class=\"visible-xs\" style=\"height: 80px;\"><\/div><\/div>[\/vc_column][\/vc_row][vc_row full_width=&#8221;stretch_row&#8221; bg_color_select=&#8221;gray&#8221;][vc_column]<div class=\"ltx-content-width col-align-center\" id=\"like_sc_content_width_276139654\" style=\"max-width: 1050px\"><div class=\"ltx-wrapper\"><div class=\"es-resp\">\t<div class=\"visible-xl\" style=\"height: 48px;\"><\/div>\t<div class=\"hidden-xl hidden-md hidden-sm hidden-ms hidden-xs\" style=\"height: 48px;\"><\/div>\t<div class=\"visible-md\" style=\"height: 48px;\"><\/div>\t<div class=\"visible-sm \" style=\"height: 48px;\"><\/div>\t<div class=\"visible-ms\" style=\"height: 48px;\"><\/div>\t<div class=\"visible-xs\" style=\"height: 48px;\"><\/div><\/div><div class=\"heading  header-subheader align-center color-black subcolor-main transform-default has-subheader theme-icon-second icon-type-default   vc_custom_1737113452668 heading-tag-h3\" id=\"like_sc_header_1484942945\"><h6 class=\"subheader ltx-sr-id-like_sc_header_14849429451145205723 ltx-sr ltx-sr-effect-fade_in ltx-sr-el-block ltx-sr-delay-100 ltx-sr-duration-300 ltx-sr-sequences-50\">SAL\u0130NOX<\/h6><h3 class=\"header ltx-sr-id-like_sc_header_14849429451569656555 ltx-sr ltx-sr-effect-fade_in ltx-sr-el-block ltx-sr-delay-0 ltx-sr-duration-1000 ltx-sr-sequences-0\">B\u0130ZE ULA\u015eIN<\/h3><\/div><div class=\"ltx-contact-form-7 transform-default form-center form-gray form-bg-gray form-style-default form-btn-default form-btn-default form-padding-none    vc_custom_1549397374732\" id=\"like_sc_contact_form_7_641625735\"><div role=\"form\" class=\"wpcf7\" id=\"wpcf7-f1555-o2\" lang=\"en-US\" dir=\"ltr\">\n<div class=\"screen-reader-response\"><p role=\"status\" aria-live=\"polite\" aria-atomic=\"true\"><\/p> <ul><\/ul><\/div>\n<form action=\"\/index.php?rest_route=%2Fwp%2Fv2%2Fpages%2F25#wpcf7-f1555-o2\" method=\"post\" class=\"wpcf7-form init\" novalidate=\"novalidate\" data-status=\"init\">\n<div style=\"display: none;\">\n<input type=\"hidden\" name=\"_wpcf7\" value=\"1555\" \/>\n<input type=\"hidden\" name=\"_wpcf7_version\" value=\"5.5.3\" \/>\n<input type=\"hidden\" name=\"_wpcf7_locale\" value=\"en_US\" \/>\n<input type=\"hidden\" name=\"_wpcf7_unit_tag\" value=\"wpcf7-f1555-o2\" \/>\n<input type=\"hidden\" name=\"_wpcf7_container_post\" value=\"0\" \/>\n<input type=\"hidden\" name=\"_wpcf7_posted_data_hash\" value=\"\" \/>\n<\/div>\n<div class=\"row\">\n<div class=\"col-lg-6\">\n<span class=\"wpcf7-form-control-wrap field-header\"><input type=\"text\" name=\"field-header\" value=\"\" size=\"40\" class=\"wpcf7-form-control wpcf7-text wpcf7-validates-as-required\" aria-required=\"true\" aria-invalid=\"false\" placeholder=\"ADINIZ\" \/><\/span>\n  <\/div>\n<div class=\"col-lg-6\">\n<span class=\"wpcf7-form-control-wrap field-header2\"><input type=\"text\" name=\"field-header2\" value=\"\" size=\"40\" class=\"wpcf7-form-control wpcf7-text wpcf7-validates-as-required\" aria-required=\"true\" aria-invalid=\"false\" placeholder=\"E-MA\u0130L ADRES\u0130N\u0130Z\" \/><\/span>\n  <\/div>\n<\/div>\n<p><span class=\"wpcf7-form-control-wrap field-header-3\"><textarea name=\"field-header-3\" cols=\"40\" rows=\"10\" class=\"wpcf7-form-control wpcf7-textarea\" aria-invalid=\"false\" placeholder=\"MESAJINIZ\"><\/textarea><\/span><\/p>\n<p><input type=\"submit\" value=\"G\u00d6NDER\" class=\"wpcf7-form-control has-spinner wpcf7-submit\" \/><\/p>\n<div class=\"wpcf7-response-output\" aria-hidden=\"true\"><\/div><\/form><\/div><\/div><div class=\"es-resp\">\t<div class=\"visible-xl\" style=\"height: 128px;\"><\/div>\t<div class=\"hidden-xl hidden-md hidden-sm hidden-ms hidden-xs\" style=\"height: 128px;\"><\/div>\t<div class=\"visible-md\" style=\"height: 128px;\"><\/div>\t<div class=\"visible-sm \" style=\"height: 128px;\"><\/div>\t<div class=\"visible-ms\" style=\"height: 128px;\"><\/div>\t<div class=\"visible-xs\" style=\"height: 128px;\"><\/div><\/div><\/div><\/div>[\/vc_column][\/vc_row][\/vc_section][vc_row full_width=&#8221;stretch_row_content_no_spaces&#8221;][vc_column]<div  id=\"like_sc_google_maps_542329169\" data-marker=\"https:\/\/www.salinox.com.tr\/wp-content\/themes\/windazo\/assets\/images\/location.png\" class=\"ltx-google-maps    vc_custom_1648461688038\" data-style=\"yellow\" data-lng=\"35.366962\" data-lat=\"38.7559663\" data-zoom=\"11\" style=\"width: 100%; height: 450px;\"><\/div>[\/vc_column][\/vc_row]<\/p>\n","protected":false},"excerpt":{"rendered":"<p>[vc_section full_width=&#8221;stretch_row&#8221;][vc_row content_placement=&#8221;top&#8221;][vc_column text_align=&#8221;center-sm-ms&#8221; offset=&#8221;vc_col-lg-4 vc_col-md-6&#8243;][\/vc_column][vc_column text_align=&#8221;center-sm-ms&#8221; offset=&#8221;vc_col-lg-3 vc_col-md-6&#8243;][vc_column_text] PAZARTES\u0130: 8:00 &#8211; 18:00 SALI: 8:00 &#8211; 18:00 \u00c7AR\u015eAMBA: 8:00 &#8211; 18:00 PER\u015eEMBE: 8:00 &#8211; 18:00 CUMA: 8:00 &#8211; 18:00 CUMARTES\u0130: KAPALI PAZAR: KAPALI [\/vc_column_text][\/vc_column][vc_column width=&#8221;1\/12&#8243; offset=&#8221;vc_col-lg-1 vc_col-md-12 vc_hidden-md vc_hidden-sm vc_hidden-xs&#8221;][\/vc_column][vc_column width=&#8221;1\/3&#8243; css=&#8221;.vc_custom_1549398563071{margin-top: 0px !important;padding-top: 0px !important;background-position: center !important;background-repeat: no-repeat !important;background-size: cover !important;}&#8221; offset=&#8221;vc_col-lg-4 vc_col-md-6 vc_hidden-md vc_hidden-sm vc_hidden-xs&#8221;][vc_single_image image=&#8221;9755&#8243; img_size=&#8221;full&#8221; alignment=&#8221;center&#8221; style=&#8221;vc_box_rounded&#8221; css=&#8221;.vc_custom_1648462232015{margin-top: 16px !important;margin-bottom: 0px !important;padding-bottom: 0px !important;}&#8221;][\/vc_column][\/vc_row][vc_row][vc_column][\/vc_column][\/vc_row][vc_row full_width=&#8221;stretch_row&#8221; bg_color_select=&#8221;gray&#8221;][vc_column][\/vc_column][\/vc_row][\/vc_section][vc_row full_width=&#8221;stretch_row_content_no_spaces&#8221;][vc_column][\/vc_column][\/vc_row]<\/p>\n","protected":false},"author":1,"featured_media":0,"parent":0,"menu_order":0,"comment_status":"closed","ping_status":"closed","template":"page-templates\/full-width.php","meta":[],"_links":{"self":[{"href":"https:\/\/www.salinox.com.tr\/index.php?rest_route=\/wp\/v2\/pages\/25"}],"collection":[{"href":"https:\/\/www.salinox.com.tr\/index.php?rest_route=\/wp\/v2\/pages"}],"about":[{"href":"https:\/\/www.salinox.com.tr\/index.php?rest_route=\/wp\/v2\/types\/page"}],"author":[{"embeddable":true,"href":"https:\/\/www.salinox.com.tr\/index.php?rest_route=\/wp\/v2\/users\/1"}],"replies":[{"embeddable":true,"href":"https:\/\/www.salinox.com.tr\/index.php?rest_route=%2Fwp%2Fv2%2Fcomments&post=25"}],"version-history":[{"count":11,"href":"https:\/\/www.salinox.com.tr\/index.php?rest_route=\/wp\/v2\/pages\/25\/revisions"}],"predecessor-version":[{"id":9996,"href":"https:\/\/www.salinox.com.tr\/index.php?rest_route=\/wp\/v2\/pages\/25\/revisions\/9996"}],"wp:attachment":[{"href":"https:\/\/www.salinox.com.tr\/index.php?rest_route=%2Fwp%2Fv2%2Fmedia&parent=25"}],"curies":[{"name":"wp","href":"https:\/\/api.w.org\/{rel}","templated":true}]}}