{"id":523,"date":"2017-07-06T21:59:24","date_gmt":"2017-07-06T18:59:24","guid":{"rendered":"http:\/\/demo2.kuzu-grup.com\/?page_id=523"},"modified":"2025-01-17T15:01:55","modified_gmt":"2025-01-17T12:01:55","slug":"hakkimizda","status":"publish","type":"page","link":"https:\/\/www.salinox.com.tr\/?page_id=523","title":{"rendered":"HAKKIMIZDA"},"content":{"rendered":"<p>[vc_row][vc_column width=&#8221;1\/2&#8243;][vc_single_image image=&#8221;9973&#8243; img_size=&#8221;large&#8221;][\/vc_column][vc_column width=&#8221;1\/2&#8243;][vc_column_text]<\/p>\n<p style=\"text-align: center;\">SAL\u0130NOX&#8217;un<\/p>\n<p style=\"text-align: center;\">Vizyonu bug\u00fcn ula\u015f\u0131lan ba\u015far\u0131l\u0131 konumunu s\u00fcrekli geli\u015ftirerek, faaliyet alan\u0131nda en iyi olmak; deneyimli, dinamik ve yetkin kadrosuyla, giri\u015fimci, sa\u011fduyulu ve m\u00fc\u015fteri odakl\u0131 yakla\u015f\u0131m\u0131yla kaliteli ve m\u00fckemmel \u00fcr\u00fcn \u00fcretmektir.<\/p>\n<p style=\"text-align: center;\">SAL\u0130NOX&#8217;un<\/p>\n<p style=\"text-align: center;\">Kurumsal misyonu, yenili\u011fe odaklanm\u0131\u015f bir \u015firket olarak m\u00fc\u015fterilerine ve \u00fclkesine faydal\u0131 olan yenilikler \u00fcretme konusundaki kararl\u0131l\u0131\u011f\u0131n\u0131 \u015fekillendirece\u011fini belirtmektedir. Bu a\u00e7\u0131dan firmam\u0131z sekt\u00f6r\u00fcnde ve faaliyet alanlar\u0131nda etkin yenilikler ortaya \u00e7\u0131karmaktad\u0131r. Bu yenilikler ve geli\u015fmelerle hedef pazarlarda \u00f6nem kazanmak ve etkin olmakt\u0131r.<\/p>\n<p style=\"text-align: center;\">Firmam\u0131z kapasitesini ve \u00fcr\u00fcn \u00e7e\u015fitlili\u011fini artt\u0131r\u0131rken \u015fu 3 ana fikri \u00f6z\u00fcmsemi\u015ftir; Kaliteli \u00dcr\u00fcn, Uygun Fiyat, %100 M\u00fc\u015fteri memnuniyeti. Unutmay\u0131n\u0131z ki kaliteli \u00fcr\u00fcn sizler gibi kaliteli m\u00fc\u015fteri demektir.<\/p>\n<p>[\/vc_column_text][\/vc_column][\/vc_row]<\/p>\n","protected":false},"excerpt":{"rendered":"<p>[vc_row][vc_column width=&#8221;1\/2&#8243;][vc_single_image image=&#8221;9973&#8243; img_size=&#8221;large&#8221;][\/vc_column][vc_column width=&#8221;1\/2&#8243;][vc_column_text] SAL\u0130NOX&#8217;un Vizyonu bug\u00fcn ula\u015f\u0131lan ba\u015far\u0131l\u0131 konumunu s\u00fcrekli geli\u015ftirerek, faaliyet alan\u0131nda en iyi olmak; deneyimli, dinamik ve yetkin kadrosuyla, giri\u015fimci, sa\u011fduyulu ve m\u00fc\u015fteri odakl\u0131 yakla\u015f\u0131m\u0131yla kaliteli ve m\u00fckemmel \u00fcr\u00fcn \u00fcretmektir. SAL\u0130NOX&#8217;un Kurumsal misyonu, yenili\u011fe odaklanm\u0131\u015f bir \u015firket olarak m\u00fc\u015fterilerine ve \u00fclkesine faydal\u0131 olan yenilikler \u00fcretme konusundaki kararl\u0131l\u0131\u011f\u0131n\u0131 \u015fekillendirece\u011fini belirtmektedir. Bu a\u00e7\u0131dan firmam\u0131z sekt\u00f6r\u00fcnde ve faaliyet alanlar\u0131nda etkin yenilikler ortaya \u00e7\u0131karmaktad\u0131r. Bu yenilikler ve geli\u015fmelerle hedef pazarlarda \u00f6nem kazanmak ve etkin olmakt\u0131r. Firmam\u0131z kapasitesini ve \u00fcr\u00fcn \u00e7e\u015fitlili\u011fini artt\u0131r\u0131rken \u015fu 3 ana fikri \u00f6z\u00fcmsemi\u015ftir; Kaliteli \u00dcr\u00fcn, Uygun Fiyat, %100 M\u00fc\u015fteri memnuniyeti. Unutmay\u0131n\u0131z ki kaliteli \u00fcr\u00fcn sizler gibi kaliteli m\u00fc\u015fteri demektir. [\/vc_column_text][\/vc_column][\/vc_row]<\/p>\n","protected":false},"author":1,"featured_media":0,"parent":0,"menu_order":0,"comment_status":"closed","ping_status":"closed","template":"page-templates\/full-width.php","meta":[],"_links":{"self":[{"href":"https:\/\/www.salinox.com.tr\/index.php?rest_route=\/wp\/v2\/pages\/523"}],"collection":[{"href":"https:\/\/www.salinox.com.tr\/index.php?rest_route=\/wp\/v2\/pages"}],"about":[{"href":"https:\/\/www.salinox.com.tr\/index.php?rest_route=\/wp\/v2\/types\/page"}],"author":[{"embeddable":true,"href":"https:\/\/www.salinox.com.tr\/index.php?rest_route=\/wp\/v2\/users\/1"}],"replies":[{"embeddable":true,"href":"https:\/\/www.salinox.com.tr\/index.php?rest_route=%2Fwp%2Fv2%2Fcomments&post=523"}],"version-history":[{"count":6,"href":"https:\/\/www.salinox.com.tr\/index.php?rest_route=\/wp\/v2\/pages\/523\/revisions"}],"predecessor-version":[{"id":9983,"href":"https:\/\/www.salinox.com.tr\/index.php?rest_route=\/wp\/v2\/pages\/523\/revisions\/9983"}],"wp:attachment":[{"href":"https:\/\/www.salinox.com.tr\/index.php?rest_route=%2Fwp%2Fv2%2Fmedia&parent=523"}],"curies":[{"name":"wp","href":"https:\/\/api.w.org\/{rel}","templated":true}]}}