{"id":9826,"date":"2022-04-26T11:02:24","date_gmt":"2022-04-26T08:02:24","guid":{"rendered":"https:\/\/demo2.kuzu-grup.com\/?page_id=9826"},"modified":"2025-02-13T11:15:12","modified_gmt":"2025-02-13T08:15:12","slug":"kvkk-politikamiz","status":"publish","type":"page","link":"https:\/\/www.salinox.com.tr\/?page_id=9826","title":{"rendered":"KVKK POL\u0130T\u0130KAMIZ"},"content":{"rendered":"<p>[vc_row][vc_column][vc_column_text]<\/p>\n<header class=\"rey-pageHeader\">\n<h1 class=\"rey-pageTitle entry-title\">KVKK Politikas\u0131<\/h1>\n<\/header>\n<article id=\"page-3\" class=\"post-3 page type-page status-publish hentry\">\n<div class=\"rey-pageContent\">\n<div class=\"elementor elementor-3\" data-elementor-type=\"wp-page\" data-elementor-id=\"3\" data-elementor-settings=\"[]\">\n<div class=\"elementor-section-wrap\">\n<section class=\"elementor-section elementor-top-section elementor-element elementor-element-da78be6 elementor-section-boxed elementor-section-gap-default elementor-section-height-default elementor-section-height-default\" data-id=\"da78be6\" data-element_type=\"section\">\n<div class=\"elementor-container elementor-column-gap-default\">\n<div class=\"elementor-column elementor-col-100 elementor-top-column elementor-element elementor-element-3f5d99d0\" data-id=\"3f5d99d0\" data-element_type=\"column\">\n<div class=\"elementor-column-wrap--3f5d99d0 elementor-widget-wrap elementor-element-populated\">\n<div class=\"elementor-element elementor-element-40adc5e3 u-links-anim-ul elementor-widget elementor-widget-text-editor\" data-id=\"40adc5e3\" data-element_type=\"widget\" data-widget_type=\"text-editor.default\">\n<div class=\"elementor-widget-container\">\n<p><strong>SAL\u0130NOX 6698 SAYILI K\u0130\u015e\u0130SEL VER\u0130LER\u0130N KORUNMASI KANUNU KAPSAMINDA AYDINLATMA METN\u0130<\/strong><\/p>\n<p><strong>SAL\u0130NOX<\/strong>, y\u00fcr\u00fctt\u00fc\u011f\u00fc faaliyetler kapsam\u0131nda i\u015fledi\u011fi ki\u015fisel verilerinizi korumak i\u00e7in, 6698 Say\u0131l\u0131 Ki\u015fisel Verilerin Korunmas\u0131 Kanunu\u2019na (\u201cKVKK\u201d) uygun olarak her t\u00fcrl\u00fc teknik ve hukuki tedbiri almaktad\u0131r. \u0130lgili ki\u015filer; i\u015flenen ki\u015fisel veri kategorilerini, ki\u015fisel verilerin i\u015flenmesinin hukuki sebeplerini, \u00fc\u00e7\u00fcnc\u00fc ki\u015filere aktar\u0131m\u0131 yap\u0131lan verileri ve bu aktar\u0131m\u0131n amac\u0131 ile KVKK ve GDPR kapsam\u0131nda yer alan haklar\u0131na ili\u015fkin ayr\u0131nt\u0131l\u0131 bilgilere a\u015fa\u011f\u0131daki ayd\u0131nlatma metninden ula\u015fabilirler.<\/p>\n<p><strong>I. Veri Sorumlusu<\/strong><\/p>\n<p><strong>SAL\u0130NOX<\/strong> <strong>\u00c7elik kap\u0131 mobilya g\u0131da sanayi ve ticaret limited \u015firketi<\/strong><br \/>\n<strong>\u0130nternet Adresi :<\/strong> http:\/\/www.salinox.com.tr<br \/>\n<strong>Telefon Numaras\u0131 :<\/strong> +90 532 764 3804<br \/>\n<strong>Adres :<\/strong> KARPUZSEK\u0130S\u0130 MAHALLES\u0130 6055. SOKAK NO: 1 HACILAR\/ KAYSER\u0130<\/p>\n<p><strong>II. Ki\u015fisel Verilerin \u0130\u015flenme Ama\u00e7lar\u0131<\/strong><\/p>\n<p>Ki\u015fisel verileriniz, <strong>SAL\u0130NOX<\/strong> taraf\u0131ndan veri sorumlusu s\u0131fat\u0131yla a\u015fa\u011f\u0131da yer alan ama\u00e7larla ve kapsamda KVKK\u2019n\u0131n 5. ve 6. maddelerine uygun olacak \u015fekilde i\u015flenmektedir:<\/p>\n<p>\u2022 \u00dcr\u00fcn ve hizmetlerimizi iyile\u015ftirmek, geli\u015ftirmek, \u00e7e\u015fitlendirmek ve ticari ili\u015fki i\u00e7erisinde oldu\u011fumuz ger\u00e7ek\/t\u00fczel ki\u015filere alternatifler sunabilmek amac\u0131yla,<br \/>\n\u2022 <strong>SAL\u0130NOX<\/strong> taraf\u0131ndan <strong>SAL\u0130NOX<\/strong>\u00a0ba\u011fl\u0131 \u015firketler aras\u0131nda ileti\u015fim ve i\u015fbirli\u011finin sa\u011flanmas\u0131, koordinasyonun temini, ortak i\u015f alanlar\u0131n\u0131n y\u00fcr\u00fct\u00fclmesi, m\u00fc\u015fterilerimizin ve \u00e7al\u0131\u015fanlar\u0131m\u0131z\u0131n ihtiya\u00e7lar\u0131n\u0131n belirlenmesi, s\u00f6zle\u015fme ile ilgili y\u00fck\u00fcml\u00fc olunan edimlerin yerine getirilmesi, reklam ve pazarlama faaliyetinin s\u00fcrd\u00fcr\u00fclmesi, m\u00fc\u015fteri takibinin sa\u011flanmas\u0131, i\u015f g\u00fcvenli\u011fi ve i\u015f s\u00fcreklili\u011finin temini amac\u0131yla,<br \/>\n\u2022 Hizmet standartlar\u0131m\u0131z\u0131 y\u00fckseltmek ve geli\u015ftirmek amac\u0131yla,<br \/>\n\u2022 Ticari i\u015f stratejilerimizin belirlenmesi ve uygulanmas\u0131 amac\u0131yla,<br \/>\n\u2022 <strong>SAL\u0130NOX<\/strong>\u2018\u0131n taraf oldu\u011fu s\u00f6zle\u015fmelerin <strong>SAL\u0130NOX<\/strong>\u00a0taraf\u0131ndan eksiksiz ifas\u0131 ve bu s\u00f6zle\u015fmelerde kar\u015f\u0131 taraflar\u0131n s\u00f6zle\u015fmeleri eksiksiz ifa ettiklerinin kontrol\u00fc amac\u0131yla,<br \/>\n\u2022 <strong>SAL\u0130NOX<\/strong>\u00a0ile ticari ili\u015fki i\u00e7erisinde olan ger\u00e7ek\/t\u00fczel ki\u015filerin hukuki g\u00fcvenli\u011finin sa\u011flanmas\u0131 amac\u0131yla,<br \/>\n\u2022 Mevzuattaki kanunlar uyar\u0131nca, <strong>SAL\u0130NOX<\/strong>\u00a0taraf\u0131ndan d\u00fczenlenmesi gereken ticari defterleri, faturalar\u0131, banka \u00e7ek ve bordrolar\u0131 d\u00fczenleyebilmek amac\u0131yla,<br \/>\n\u2022 \u00c7al\u0131\u015fanlar\u0131n, misafirlerin ve <strong>SAL\u0130NOX<\/strong>\u2019a ait binalar\u0131n g\u00fcvenli\u011fini sa\u011flayabilmek ve giri\u015f-\u00e7\u0131k\u0131\u015flar\u0131 kontrol edebilmek amac\u0131yla,<br \/>\n\u2022 \u00c7al\u0131\u015fan adaylar\u0131n\u0131n i\u015fe al\u0131m s\u00fcre\u00e7lerinin de\u011ferlendirilmesi, \u00e7al\u0131\u015fanlar\u0131n \u00f6zl\u00fck dosyalar\u0131n\u0131n olu\u015fturulmas\u0131 ve <strong>SAL\u0130NOX<\/strong>\u2019n\u0131n insan kaynaklar\u0131 politikalar\u0131n\u0131n s\u00fcrd\u00fcr\u00fclmesi amac\u0131yla,<br \/>\n\u2022<strong>SAL\u0130NOX<\/strong><strong>\u00a0<\/strong>b\u00fcnyesinde \u00e7al\u0131\u015fan personelin moral ve motivasyonunu, performans d\u00fczeyini ve memnuniyetlerini, birbirleriyle ve \u015firketle olan etkile\u015fimlerini art\u0131rmak ve \u015firkete olan ba\u011fl\u0131l\u0131klar\u0131n\u0131 sa\u011flamak amac\u0131yla,<br \/>\n\u2022 <strong>SAL\u0130NOX<\/strong>\u2019un halka a\u00e7\u0131k alanlar\u0131nda bulunan misafirlerin internete eri\u015fimini sa\u011flamak amac\u0131yla,<br \/>\n\u2022 <strong>SAL\u0130NOX<\/strong>\u2019un ticari sat\u0131n alma i\u015flemlerinin ger\u00e7ekle\u015ftirilmesi amac\u0131yla,<br \/>\n\u2022 <strong>SAL\u0130NOX<\/strong>\u2019un kurumsal yaz\u0131\u015fmalar\u0131n\u0131n yap\u0131lmas\u0131 amac\u0131yla,<br \/>\n\u2022 \u0130nternet sitemizin ziyaret edilmesi durumunda istatiksel verilerin olu\u015fturulmas\u0131 ve ziyaret\u00e7i bilgilerinin kaydedilmesi ve geri d\u00f6n\u00fc\u015flerin sa\u011flanmas\u0131 amac\u0131yla,<br \/>\n\u2022 Bunlarla birlikte gerekli kalite ve standart denetimlerimizi yapabilmek ya da kanun ve y\u00f6netmelikler ile belirlenmi\u015f sair y\u00fck\u00fcml\u00fcl\u00fcklerimizin yerine getirilmesi gibi ama\u00e7lar \u00fczerine.<\/p>\n<p><strong>III. Ki\u015fisel Verilerin Aktar\u0131lmas\u0131<\/strong><\/p>\n<p>\u0130\u015fledi\u011fimiz ki\u015fisel veriler yukar\u0131daki ama\u00e7lar \u00e7er\u00e7evesinde, KVKK\u2019n\u0131n 8. ve 9. maddeleri dikkate al\u0131narak:<\/p>\n<p>\u2022 Ticari faaliyetlerimizin yerine getirilebilmesi ve s\u00fcreklili\u011fin sa\u011flanabilmesi amac\u0131yla, i\u015f ortaklar\u0131m\u0131za,<br \/>\n\u2022 \u00dcr\u00fcn ve hizmetlerin sa\u011flanabilmesi amac\u0131yla s\u0131n\u0131rl\u0131 olarak tedarik\u00e7ilerimize,<br \/>\n\u2022 Kanunlarda \u00f6ng\u00f6r\u00fclen yasal y\u00fck\u00fcml\u00fcl\u00fcklerin yerine getirilmesi ve g\u00fcvenli\u011fin sa\u011flanmas\u0131 amac\u0131yla ba\u015fta SGK olmak \u00fczere ilgili kamu kurum ve kurulu\u015flar\u0131na,<br \/>\n\u2022 <strong>SAL\u0130NOX<\/strong>\u00a0b\u00fcnyesinde istihdam edilen ki\u015filerin sosyal ve mali haklar\u0131n\u0131n kar\u015f\u0131lanmas\u0131n\u0131 sa\u011flamak amac\u0131yla ba\u015fta bankalar olmak \u00fczere di\u011fer \u00f6zel ve kamu t\u00fczel ki\u015filiklerine,<br \/>\n\u2022 \u0130lgili kamu kurum ve kurulu\u015flar\u0131n\u0131n talepleri do\u011frultusunda ve talep ama\u00e7lar\u0131yla s\u0131n\u0131rl\u0131 olarak hukuken yetkili kamu kurum ve kurulu\u015flar\u0131na ve yarg\u0131 organlar\u0131na,<br \/>\n\u2022 M\u00fc\u015fteri takibi ve m\u00fc\u015fteri ihtiya\u00e7lar\u0131n\u0131n giderilmesi amac\u0131yla <strong>SAL\u0130NOX<\/strong> ve <strong>SAL\u0130NOX<\/strong>\u2019a ba\u011fl\u0131 \u015firketlere, \u015firketimiz ve <strong>SAL\u0130NOX<\/strong>\u2019a ba\u011fl\u0131 \u015firketlerin yurti\u00e7i ve yurtd\u0131\u015f\u0131nda kurulu i\u015f ortaklar\u0131na, bayilerine ve tedarik\u00e7ilerine,<br \/>\n\u2022 \u0130\u015f sa\u011fl\u0131\u011f\u0131 ve g\u00fcvenli\u011fi \u00f6nlemleri kapsam\u0131nda \u00e7al\u0131\u015fanlar\u0131n sa\u011fl\u0131k bilgilerinin sa\u011fl\u0131kl\u0131 bir i\u015f ortam\u0131nda \u00e7al\u0131\u015fabilmeleri amac\u0131yla ilgili sa\u011fl\u0131k hizmeti al\u0131nan kurumlara ve sigorta \u015firketlerine aktar\u0131labilmektedir.<\/p>\n<p><strong>IV. Ki\u015fisel Veri Toplaman\u0131n Y\u00f6ntemi ve Hukuki Sebebi<\/strong><\/p>\n<p>Ki\u015fisel verileriniz <strong>SAL\u0130NOX<\/strong> veya <strong>SAL\u0130NOX<\/strong> ad\u0131na veri i\u015fleme yetkisine sahip ger\u00e7ek veya t\u00fczel ki\u015filer taraf\u0131ndan, beyan, ba\u015fvuru formlar\u0131, internet sitesinden doldurulan formlar, \u00f6zl\u00fck dosyas\u0131 olu\u015fturmak \u00fczere istenen belgeler, muhtelif s\u00f6zle\u015fmeler, her t\u00fcrl\u00fc bilgi formlar\u0131, anketler, i\u015f ba\u015fvuru formlar\u0131, \u00e7a\u011fr\u0131 merkezleri \u00fczerinden s\u00f6zl\u00fc, yaz\u0131l\u0131 veya elektronik kanallar arac\u0131l\u0131\u011f\u0131 ile a\u00e7\u0131k r\u0131zan\u0131z ya da kanunda \u00f6ng\u00f6r\u00fclen ki\u015fisel veri i\u015fleme \u015fartlar\u0131 kapsam\u0131nda toplanmaktad\u0131r. Bu bilgiler, ticari ve idari faaliyetlerimizin, yasalar \u00e7er\u00e7evesinde sunulabilmesi ve bu kapsamda <strong>SAL\u0130NOX<\/strong>\u2019n\u0131n hizmetlerini y\u00fcr\u00fctebilmesi, ticari hayat\u0131n\u0131 s\u00fcrd\u00fcrebilmesi ve yasalardan do\u011fan mesuliyetlerini eksiksiz ve do\u011fru bir \u015fekilde yerine getirebilmesi ama\u00e7lar\u0131yla edinilir.<\/p>\n<p><strong>V. \u0130lgili Ki\u015finin KVKK Kapsam\u0131ndaki Haklar\u0131<\/strong><\/p>\n<p><strong>SAL\u0130NOX<\/strong> b\u00fcnyesinde ki\u015fisel verisi i\u015flenen ger\u00e7ek ki\u015filer KVKK\u2019n\u0131n 11. maddesi uyar\u0131nca a\u015fa\u011f\u0131daki haklara sahiptirler:<\/p>\n<p>\u2022 Ki\u015fisel verisinin i\u015flenip i\u015flenmedi\u011fini \u00f6\u011frenme,<br \/>\n\u2022 Ki\u015fisel verileri i\u015flenmi\u015fse buna ili\u015fkin bilgi talep etme,<br \/>\n\u2022 Ki\u015fisel verilerin i\u015flenme amac\u0131n\u0131 ve bunlar\u0131n amac\u0131na uygun kullan\u0131l\u0131p kullan\u0131lmad\u0131\u011f\u0131n\u0131 \u00f6\u011frenme,<br \/>\n\u2022 Yurt i\u00e7inde veya yurt d\u0131\u015f\u0131nda ki\u015fisel verilerin aktar\u0131ld\u0131\u011f\u0131 veya aktar\u0131laca\u011f\u0131 \u00fc\u00e7\u00fcnc\u00fc ki\u015fileri, al\u0131c\u0131lar\u0131 ve al\u0131c\u0131 kategorilerini,<br \/>\n\u2022 Ki\u015fisel verilerin eksik veya yanl\u0131\u015f i\u015flenmi\u015f olmas\u0131 h\u00e2linde bunlar\u0131n d\u00fczeltilmesini isteme ve bu kapsamda yap\u0131lan i\u015flemlerin ki\u015fisel verilerin aktar\u0131ld\u0131\u011f\u0131 \u00fc\u00e7\u00fcnc\u00fc ki\u015filere bildirilmesini isteme,<br \/>\n\u2022 KVKK ve ilgili di\u011fer kanun h\u00fck\u00fcmlerine uygun olarak i\u015flenmi\u015f olmas\u0131na ra\u011fmen, i\u015flenmesini gerektiren sebeplerin ortadan kalkmas\u0131 h\u00e2linde ki\u015fisel verilerin silinmesini veya yok edilmesini isteme ya da s\u00f6z konusu i\u015fleme faaliyetinin durdurulmas\u0131n\u0131 ve bu kapsamda yap\u0131lan i\u015flemin ki\u015fisel verilerin aktar\u0131ld\u0131\u011f\u0131 \u00fc\u00e7\u00fcnc\u00fc ki\u015filere bildirilmesini isteme,<br \/>\n\u2022 \u0130\u015flenen verilerin m\u00fcnhas\u0131ran otomatik sistemler vas\u0131tas\u0131yla analiz edilmesi suretiyle ki\u015finin kendisi aleyhine bir sonucun ortaya \u00e7\u0131kmas\u0131na itiraz etme,<br \/>\n\u2022 Ki\u015fisel verilerin kanuna ayk\u0131r\u0131 olarak i\u015flenmesi sebebiyle zarara u\u011framas\u0131 h\u00e2linde zarar\u0131n giderilmesini talep etme.<\/p>\n<p>\u0130lgili ki\u015filer bu haklara ili\u015fkin taleplerini, \u015firketimizin<\/p>\n<p><strong>Adres :<\/strong> <strong>KARPUZSEK\u0130S\u0130 MAHALLES\u0130 6055. SOKAK NO: 1 HACILAR\/ KAYSER\u0130<\/strong><\/p>\n<p>adresine noter yoluyla \u00e7ekilecek ihtarname ile veya kimlik ibraz\u0131yla \u015firketimize yap\u0131lacak \u015fahsen ba\u015fvurular ile iletebilirler. \u0130lgili ki\u015finin talepleri en k\u0131sa s\u00fcrede ve nihayetinde en ge\u00e7 otuz (30) g\u00fcn i\u00e7erisinde \u00fccretsiz olarak de\u011ferlendirilip karara ba\u011flan\u0131r. De\u011ferlendirme ve karar verme i\u015fleminin ayr\u0131ca bir maliyeti gerektirmesi durumunda Veri Sorumlusuna Ba\u015fvuru Usul ve Esaslar\u0131 Hakk\u0131nda Tebli\u011f\u2019de belirlenmi\u015f olan tarifedeki \u00fccret esas al\u0131n\u0131r. \u0130lgili ki\u015filer, \u015firketimize ba\u015fvuru yapt\u0131ktan sonra, s\u00f6z konusu ba\u015fvuruya ili\u015fkin yan\u0131ttan memnun kalmazlarsa Ki\u015fisel Verileri Koruma Kurumu\u2019na \u015fik\u00e2yet yoluna gidebilirler.<\/p>\n<\/div>\n<\/div>\n<\/div>\n<\/div>\n<\/div>\n<\/section>\n<\/div>\n<\/div>\n<\/div>\n<\/article>\n<p>[\/vc_column_text][\/vc_column][\/vc_row]<\/p>\n","protected":false},"excerpt":{"rendered":"<p>[vc_row][vc_column][vc_column_text] KVKK Politikas\u0131 SAL\u0130NOX 6698 SAYILI K\u0130\u015e\u0130SEL VER\u0130LER\u0130N KORUNMASI KANUNU KAPSAMINDA AYDINLATMA METN\u0130 SAL\u0130NOX, y\u00fcr\u00fctt\u00fc\u011f\u00fc faaliyetler kapsam\u0131nda i\u015fledi\u011fi ki\u015fisel verilerinizi korumak i\u00e7in, 6698 Say\u0131l\u0131 Ki\u015fisel Verilerin Korunmas\u0131 Kanunu\u2019na (\u201cKVKK\u201d) uygun olarak her t\u00fcrl\u00fc teknik ve hukuki tedbiri almaktad\u0131r. \u0130lgili ki\u015filer; i\u015flenen ki\u015fisel veri kategorilerini, ki\u015fisel verilerin i\u015flenmesinin hukuki sebeplerini, \u00fc\u00e7\u00fcnc\u00fc ki\u015filere aktar\u0131m\u0131 yap\u0131lan verileri ve bu aktar\u0131m\u0131n amac\u0131 ile KVKK ve GDPR kapsam\u0131nda yer alan haklar\u0131na ili\u015fkin ayr\u0131nt\u0131l\u0131 bilgilere a\u015fa\u011f\u0131daki ayd\u0131nlatma metninden ula\u015fabilirler. I. Veri Sorumlusu SAL\u0130NOX \u00c7elik kap\u0131 mobilya g\u0131da sanayi ve ticaret limited \u015firketi \u0130nternet Adresi : http:\/\/www.salinox.com.tr Telefon Numaras\u0131 : +90 532 764 3804 Adres : KARPUZSEK\u0130S\u0130 MAHALLES\u0130 6055. SOKAK NO: 1 HACILAR\/ KAYSER\u0130 II. Ki\u015fisel Verilerin \u0130\u015flenme Ama\u00e7lar\u0131 Ki\u015fisel verileriniz, SAL\u0130NOX taraf\u0131ndan veri sorumlusu s\u0131fat\u0131yla a\u015fa\u011f\u0131da [&hellip;]<\/p>\n","protected":false},"author":1,"featured_media":0,"parent":0,"menu_order":0,"comment_status":"closed","ping_status":"closed","template":"","meta":[],"_links":{"self":[{"href":"https:\/\/www.salinox.com.tr\/index.php?rest_route=\/wp\/v2\/pages\/9826"}],"collection":[{"href":"https:\/\/www.salinox.com.tr\/index.php?rest_route=\/wp\/v2\/pages"}],"about":[{"href":"https:\/\/www.salinox.com.tr\/index.php?rest_route=\/wp\/v2\/types\/page"}],"author":[{"embeddable":true,"href":"https:\/\/www.salinox.com.tr\/index.php?rest_route=\/wp\/v2\/users\/1"}],"replies":[{"embeddable":true,"href":"https:\/\/www.salinox.com.tr\/index.php?rest_route=%2Fwp%2Fv2%2Fcomments&post=9826"}],"version-history":[{"count":9,"href":"https:\/\/www.salinox.com.tr\/index.php?rest_route=\/wp\/v2\/pages\/9826\/revisions"}],"predecessor-version":[{"id":9991,"href":"https:\/\/www.salinox.com.tr\/index.php?rest_route=\/wp\/v2\/pages\/9826\/revisions\/9991"}],"wp:attachment":[{"href":"https:\/\/www.salinox.com.tr\/index.php?rest_route=%2Fwp%2Fv2%2Fmedia&parent=9826"}],"curies":[{"name":"wp","href":"https:\/\/api.w.org\/{rel}","templated":true}]}}